{"id":128979,"date":"2021-12-26T13:41:33","date_gmt":"2021-12-26T13:41:33","guid":{"rendered":"https:\/\/atraxiafilm.rs\/?page_id=128979"},"modified":"2026-03-08T20:50:21","modified_gmt":"2026-03-08T20:50:21","slug":"galerija-slika-sa-snimanja","status":"publish","type":"page","link":"https:\/\/atraxiafilm.rs\/en\/galerija-slika-sa-snimanja\/","title":{"rendered":"Studio &#8211; Galerija"},"content":{"rendered":"<div class=\"wpb-content-wrapper\"><div data-vc-full-width=\"true\" data-vc-full-width-temp=\"true\" data-vc-full-width-init=\"false\" data-vc-stretch-content=\"true\" class=\"vc_row wpb_row vc_row-fluid vc_row-no-padding vc_row-o-equal-height vc_row-flex\"><div class=\"wpb_column vc_column_container vc_col-sm-12 vc_col-lg-12 vc_col-md-12 text-center wd-rs-6359200ec9cf8\"><div class=\"vc_column-inner vc_custom_1666785312563\"><div class=\"wpb_wrapper\">\n\t\t<div id=\"wd-635922744664f\" class=\"title-wrapper wd-wpb wd-set-mb reset-last-child  wd-rs-635922744664f wd-title-color-default wd-title-style-default text-center  wd-underline-colored\">\n\t\t\t\n\t\t\t<div class=\"liner-continer\">\n\t\t\t\t<h4 class=\"woodmart-title-container title  wd-font-weight- wd-fontsize-l\" >Galerija slika sa snimanja<\/h4>\n\t\t\t\t\t\t\t<\/div>\n\t\t\t\n\t\t\t\n\t\t\t\n\t\t<\/div>\n\t\t\n\t\t\n\t<div class=\"wpb_text_column wpb_content_element\" >\n\t\t<div class=\"wpb_wrapper\">\n\t\t\t<p><em>Galerija slika sa snimanja, kompletna video produkcija i sve ono \u0161to se de\u0161ava iza kamere tokom snimanja u na\u0161em <a href=\"https:\/\/atraxiafilm.rs\/en\/iznajmljivanje-studija\/\"><strong>Studiju<\/strong><\/a>.<\/em><\/p>\n\n\t\t<\/div>\n\t<\/div>\n<div class=\"vc_empty_space\"   style=\"height: 32px\"><span class=\"vc_empty_space_inner\"><\/span><\/div><\/div><\/div><\/div><\/div><div class=\"vc_row-full-width vc_clearfix\"><\/div><div data-vc-full-width=\"true\" data-vc-full-width-temp=\"true\" data-vc-full-width-init=\"false\" data-vc-stretch-content=\"true\" class=\"vc_row wpb_row vc_row-fluid vc_row-no-padding vc_row-o-equal-height vc_row-flex\"><div class=\"wpb_column vc_column_container vc_col-sm-12 vc_col-lg-12 vc_col-md-12\"><div class=\"vc_column-inner vc_custom_1641174052575\"><div class=\"wpb_wrapper\"><div class=\"vc_empty_space\"   style=\"height: 32px\"><span class=\"vc_empty_space_inner\"><\/span><\/div>\t\t<div id=\"gallery_543\" class=\"wd-images-gallery wd-wpb wd-rs-69ade0e9e9b95 photoswipe-images\" style=\"--wd-justify-content:left;--wd-align-items:center;\">\n\t\t\t\n\t\t\t<div class=\"wd-grid-g\" style=\"--wd-col-lg:3;--wd-col-md:3;--wd-col-sm:1;--wd-gap-lg:0px;\">\n\t\t\t\t\n\t\t\t\t\t\t\t\t\t\t\t\t\t\t\t<div class=\"wd-gallery-item wd-col\">\n\t\t\t\t\t\t\t\t\t\t\t\t\t\t<a href=\"https:\/\/atraxiafilm.rs\/wp-content\/uploads\/2022\/08\/studio-za-snimanje-podcasta-i-emisija.jpg\" data-elementor-open-lightbox=\"no\" data-index=\"1\" data-width=\"2560\" data-height=\"1707\" \n\t\t\t\t\t\t\t\t\t\t\t\t\t\t\t\t\t\t\t\t>\n\t\t\t\t\t\t\t\t\n\t\t\t\t\t\t\t\t<img loading=\"lazy\" decoding=\"async\" width=\"1200\" height=\"800\" src=\"https:\/\/atraxiafilm.rs\/wp-content\/uploads\/2022\/08\/studio-za-snimanje-podcasta-i-emisija-1200x800.jpg\" class=\"wd-gallery-image image-1\" alt=\"scenografija za snimanje podcasta\" \/>\n\t\t\t\t\t\t\t\t\t\t\t\t\t\t\t<\/a>\n\t\t\t\t\t\t\t\t\t\t\t\t<\/div>\n\t\t\t\t\t\t\t\t\t\t\t<div class=\"wd-gallery-item wd-col\">\n\t\t\t\t\t\t\t\t\t\t\t\t\t\t<a href=\"https:\/\/atraxiafilm.rs\/wp-content\/uploads\/2022\/08\/iznajmljivanje-foto-studija-novi-sad.jpg\" data-elementor-open-lightbox=\"no\" data-index=\"2\" data-width=\"2560\" data-height=\"1705\" \n\t\t\t\t\t\t\t\t\t\t\t\t\t\t\t\t\t\t\t\t>\n\t\t\t\t\t\t\t\t\n\t\t\t\t\t\t\t\t<img loading=\"lazy\" decoding=\"async\" width=\"1200\" height=\"800\" src=\"https:\/\/atraxiafilm.rs\/wp-content\/uploads\/2022\/08\/iznajmljivanje-foto-studija-novi-sad-1200x800.jpg\" class=\"wd-gallery-image image-2\" alt=\"studio bela pozadina novi sad\" \/>\n\t\t\t\t\t\t\t\t\t\t\t\t\t\t\t<\/a>\n\t\t\t\t\t\t\t\t\t\t\t\t<\/div>\n\t\t\t\t\t\t\t\t\t\t\t<div class=\"wd-gallery-item wd-col\">\n\t\t\t\t\t\t\t\t\t\t\t\t\t\t<a href=\"https:\/\/atraxiafilm.rs\/wp-content\/uploads\/2022\/08\/P1051394-1-scaled.jpg\" data-elementor-open-lightbox=\"no\" data-index=\"3\" data-width=\"2560\" data-height=\"1707\" \n\t\t\t\t\t\t\t\t\t\t\t\t\t\t\t\t\t\t\t\t>\n\t\t\t\t\t\t\t\t\n\t\t\t\t\t\t\t\t<img loading=\"lazy\" decoding=\"async\" width=\"1200\" height=\"800\" src=\"https:\/\/atraxiafilm.rs\/wp-content\/uploads\/2022\/08\/P1051394-1-scaled-1200x800.jpg\" class=\"wd-gallery-image image-3\" alt=\"SNIMANJE EMISIJA\" \/>\n\t\t\t\t\t\t\t\t\t\t\t\t\t\t\t<\/a>\n\t\t\t\t\t\t\t\t\t\t\t\t<\/div>\n\t\t\t\t\t\t\t\t\t\t\t<div class=\"wd-gallery-item wd-col\">\n\t\t\t\t\t\t\t\t\t\t\t\t\t\t<a href=\"https:\/\/atraxiafilm.rs\/wp-content\/uploads\/2021\/12\/frajle12-scaled.jpg\" data-elementor-open-lightbox=\"no\" data-index=\"4\" data-width=\"2560\" data-height=\"1440\" \n\t\t\t\t\t\t\t\t\t\t\t\t\t\t\t\t\t\t\t\t>\n\t\t\t\t\t\t\t\t\n\t\t\t\t\t\t\t\t<img loading=\"lazy\" decoding=\"async\" width=\"1200\" height=\"800\" src=\"https:\/\/atraxiafilm.rs\/wp-content\/uploads\/2021\/12\/frajle12-scaled-1200x800.jpg\" class=\"wd-gallery-image image-4\" alt=\"making of snimanja spota\" \/>\n\t\t\t\t\t\t\t\t\t\t\t\t\t\t\t<\/a>\n\t\t\t\t\t\t\t\t\t\t\t\t<\/div>\n\t\t\t\t\t\t\t\t\t\t\t<div class=\"wd-gallery-item wd-col\">\n\t\t\t\t\t\t\t\t\t\t\t\t\t\t<a href=\"https:\/\/atraxiafilm.rs\/wp-content\/uploads\/2021\/12\/VAV_7203-scaled.jpg\" data-elementor-open-lightbox=\"no\" data-index=\"5\" data-width=\"2560\" data-height=\"1615\" \n\t\t\t\t\t\t\t\t\t\t\t\t\t\t\t\t\t\t\t\t>\n\t\t\t\t\t\t\t\t\n\t\t\t\t\t\t\t\t<img loading=\"lazy\" decoding=\"async\" width=\"1200\" height=\"800\" src=\"https:\/\/atraxiafilm.rs\/wp-content\/uploads\/2021\/12\/VAV_7203-scaled-1200x800.jpg\" class=\"wd-gallery-image image-5\" alt=\"studio snimanje spota sa klavirom i tamburasima\" \/>\n\t\t\t\t\t\t\t\t\t\t\t\t\t\t\t<\/a>\n\t\t\t\t\t\t\t\t\t\t\t\t<\/div>\n\t\t\t\t\t\t\t\t\t\t\t<div class=\"wd-gallery-item wd-col\">\n\t\t\t\t\t\t\t\t\t\t\t\t\t\t<a href=\"https:\/\/atraxiafilm.rs\/wp-content\/uploads\/2021\/12\/0J4A6882-scaled.jpg\" data-elementor-open-lightbox=\"no\" data-index=\"6\" data-width=\"2560\" data-height=\"1692\" \n\t\t\t\t\t\t\t\t\t\t\t\t\t\t\t\t\t\t\t\t>\n\t\t\t\t\t\t\t\t\n\t\t\t\t\t\t\t\t<img loading=\"lazy\" decoding=\"async\" width=\"1200\" height=\"800\" src=\"https:\/\/atraxiafilm.rs\/wp-content\/uploads\/2021\/12\/0J4A6882-scaled-1200x800.jpg\" class=\"wd-gallery-image image-6\" alt=\"\" \/>\n\t\t\t\t\t\t\t\t\t\t\t\t\t\t\t<\/a>\n\t\t\t\t\t\t\t\t\t\t\t\t<\/div>\n\t\t\t\t\t\t\t\t\t\t\t<div class=\"wd-gallery-item wd-col\">\n\t\t\t\t\t\t\t\t\t\t\t\t\t\t<a href=\"https:\/\/atraxiafilm.rs\/wp-content\/uploads\/2021\/12\/0J4A5240-scaled.jpg\" data-elementor-open-lightbox=\"no\" data-index=\"7\" data-width=\"2560\" data-height=\"1707\" \n\t\t\t\t\t\t\t\t\t\t\t\t\t\t\t\t\t\t\t\t>\n\t\t\t\t\t\t\t\t\n\t\t\t\t\t\t\t\t<img loading=\"lazy\" decoding=\"async\" width=\"1200\" height=\"800\" src=\"https:\/\/atraxiafilm.rs\/wp-content\/uploads\/2021\/12\/0J4A5240-scaled-1200x800.jpg\" class=\"wd-gallery-image image-7\" alt=\"snimanje spota sofronijevic\" \/>\n\t\t\t\t\t\t\t\t\t\t\t\t\t\t\t<\/a>\n\t\t\t\t\t\t\t\t\t\t\t\t<\/div>\n\t\t\t\t\t\t\t\t\t\t\t<div class=\"wd-gallery-item wd-col\">\n\t\t\t\t\t\t\t\t\t\t\t\t\t\t<a href=\"https:\/\/atraxiafilm.rs\/wp-content\/uploads\/2021\/12\/20201026_223752.jpg\" data-elementor-open-lightbox=\"no\" data-index=\"8\" data-width=\"1862\" data-height=\"1366\" \n\t\t\t\t\t\t\t\t\t\t\t\t\t\t\t\t\t\t\t\t>\n\t\t\t\t\t\t\t\t\n\t\t\t\t\t\t\t\t<img loading=\"lazy\" decoding=\"async\" width=\"1200\" height=\"800\" src=\"https:\/\/atraxiafilm.rs\/wp-content\/uploads\/2021\/12\/20201026_223752-1200x800.jpg\" class=\"wd-gallery-image image-8\" alt=\"iznajmljivanje studija novi sad\" \/>\n\t\t\t\t\t\t\t\t\t\t\t\t\t\t\t<\/a>\n\t\t\t\t\t\t\t\t\t\t\t\t<\/div>\n\t\t\t\t\t\t\t\t\t\t\t<div class=\"wd-gallery-item wd-col\">\n\t\t\t\t\t\t\t\t\t\t\t\t\t\t<a href=\"https:\/\/atraxiafilm.rs\/wp-content\/uploads\/2021\/12\/20200511_205958-scaled.jpg\" data-elementor-open-lightbox=\"no\" data-index=\"9\" data-width=\"2560\" data-height=\"1440\" \n\t\t\t\t\t\t\t\t\t\t\t\t\t\t\t\t\t\t\t\t>\n\t\t\t\t\t\t\t\t\n\t\t\t\t\t\t\t\t<img loading=\"lazy\" decoding=\"async\" width=\"1200\" height=\"800\" src=\"https:\/\/atraxiafilm.rs\/wp-content\/uploads\/2021\/12\/20200511_205958-scaled-1200x800.jpg\" class=\"wd-gallery-image image-9\" alt=\"iznajmljivanje studija novi sad\" \/>\n\t\t\t\t\t\t\t\t\t\t\t\t\t\t\t<\/a>\n\t\t\t\t\t\t\t\t\t\t\t\t<\/div>\n\t\t\t\t\t\t\t\t\t\t\t<div class=\"wd-gallery-item wd-col\">\n\t\t\t\t\t\t\t\t\t\t\t\t\t\t<a href=\"https:\/\/atraxiafilm.rs\/wp-content\/uploads\/revslider\/video-media\/Studio-vav-home-page-video-10-4K_14_layer-scaled.jpeg\" data-elementor-open-lightbox=\"no\" data-index=\"10\" data-width=\"2560\" data-height=\"1440\" \n\t\t\t\t\t\t\t\t\t\t\t\t\t\t\t\t\t\t\t\t>\n\t\t\t\t\t\t\t\t\n\t\t\t\t\t\t\t\t<img loading=\"lazy\" decoding=\"async\" width=\"1200\" height=\"800\" src=\"https:\/\/atraxiafilm.rs\/wp-content\/uploads\/revslider\/video-media\/Studio-vav-home-page-video-10-4K_14_layer-scaled-1200x800.jpeg\" class=\"wd-gallery-image image-10\" alt=\"\" \/>\n\t\t\t\t\t\t\t\t\t\t\t\t\t\t\t<\/a>\n\t\t\t\t\t\t\t\t\t\t\t\t<\/div>\n\t\t\t\t\t\t\t\t\t\t\t<div class=\"wd-gallery-item wd-col\">\n\t\t\t\t\t\t\t\t\t\t\t\t\t\t<a href=\"https:\/\/atraxiafilm.rs\/wp-content\/uploads\/2021\/06\/20210314_180550-sm.jpg\" data-elementor-open-lightbox=\"no\" data-index=\"11\" data-width=\"1200\" data-height=\"733\" \n\t\t\t\t\t\t\t\t\t\t\t\t\t\t\t\t\t\t\t\t>\n\t\t\t\t\t\t\t\t\n\t\t\t\t\t\t\t\t<img loading=\"lazy\" decoding=\"async\" width=\"1200\" height=\"733\" src=\"https:\/\/atraxiafilm.rs\/wp-content\/uploads\/2021\/06\/20210314_180550-sm.jpg\" class=\"wd-gallery-image image-11\" alt=\"\" srcset=\"https:\/\/atraxiafilm.rs\/wp-content\/uploads\/2021\/06\/20210314_180550-sm.jpg 1200w, https:\/\/atraxiafilm.rs\/wp-content\/uploads\/2021\/06\/20210314_180550-sm-150x92.jpg 150w, https:\/\/atraxiafilm.rs\/wp-content\/uploads\/2021\/06\/20210314_180550-sm-600x367.jpg 600w, https:\/\/atraxiafilm.rs\/wp-content\/uploads\/2021\/06\/20210314_180550-sm-300x183.jpg 300w, https:\/\/atraxiafilm.rs\/wp-content\/uploads\/2021\/06\/20210314_180550-sm-1024x625.jpg 1024w, https:\/\/atraxiafilm.rs\/wp-content\/uploads\/2021\/06\/20210314_180550-sm-768x469.jpg 768w\" sizes=\"auto, (max-width: 1200px) 100vw, 1200px\" \/>\n\t\t\t\t\t\t\t\t\t\t\t\t\t\t\t<\/a>\n\t\t\t\t\t\t\t\t\t\t\t\t<\/div>\n\t\t\t\t\t\t\t\t\t\t\t<div class=\"wd-gallery-item wd-col\">\n\t\t\t\t\t\t\t\t\t\t\t\t\t\t<a href=\"https:\/\/atraxiafilm.rs\/wp-content\/uploads\/2021\/06\/PICT_20190531_133115-sm.jpg\" data-elementor-open-lightbox=\"no\" data-index=\"12\" data-width=\"1200\" data-height=\"675\" \n\t\t\t\t\t\t\t\t\t\t\t\t\t\t\t\t\t\t\t\t>\n\t\t\t\t\t\t\t\t\n\t\t\t\t\t\t\t\t<img loading=\"lazy\" decoding=\"async\" width=\"1200\" height=\"675\" src=\"https:\/\/atraxiafilm.rs\/wp-content\/uploads\/2021\/06\/PICT_20190531_133115-sm.jpg\" class=\"wd-gallery-image image-12\" alt=\"rasveta studio iznajmljivanje novi sad snimanje video\" srcset=\"https:\/\/atraxiafilm.rs\/wp-content\/uploads\/2021\/06\/PICT_20190531_133115-sm.jpg 1200w, https:\/\/atraxiafilm.rs\/wp-content\/uploads\/2021\/06\/PICT_20190531_133115-sm-150x84.jpg 150w, https:\/\/atraxiafilm.rs\/wp-content\/uploads\/2021\/06\/PICT_20190531_133115-sm-600x338.jpg 600w, https:\/\/atraxiafilm.rs\/wp-content\/uploads\/2021\/06\/PICT_20190531_133115-sm-300x169.jpg 300w, https:\/\/atraxiafilm.rs\/wp-content\/uploads\/2021\/06\/PICT_20190531_133115-sm-1024x576.jpg 1024w, https:\/\/atraxiafilm.rs\/wp-content\/uploads\/2021\/06\/PICT_20190531_133115-sm-768x432.jpg 768w\" sizes=\"auto, (max-width: 1200px) 100vw, 1200px\" \/>\n\t\t\t\t\t\t\t\t\t\t\t\t\t\t\t<\/a>\n\t\t\t\t\t\t\t\t\t\t\t\t<\/div>\n\t\t\t\t\t\t\t\t\t\t\t<div class=\"wd-gallery-item wd-col\">\n\t\t\t\t\t\t\t\t\t\t\t\t\t\t<a href=\"https:\/\/atraxiafilm.rs\/wp-content\/uploads\/2021\/06\/mrak-zebra2-sm.jpg\" data-elementor-open-lightbox=\"no\" data-index=\"13\" data-width=\"1200\" data-height=\"786\" \n\t\t\t\t\t\t\t\t\t\t\t\t\t\t\t\t\t\t\t\t>\n\t\t\t\t\t\t\t\t\n\t\t\t\t\t\t\t\t<img loading=\"lazy\" decoding=\"async\" width=\"1200\" height=\"786\" src=\"https:\/\/atraxiafilm.rs\/wp-content\/uploads\/2021\/06\/mrak-zebra2-sm.jpg\" class=\"wd-gallery-image image-13\" alt=\"\" srcset=\"https:\/\/atraxiafilm.rs\/wp-content\/uploads\/2021\/06\/mrak-zebra2-sm.jpg 1200w, https:\/\/atraxiafilm.rs\/wp-content\/uploads\/2021\/06\/mrak-zebra2-sm-150x98.jpg 150w, https:\/\/atraxiafilm.rs\/wp-content\/uploads\/2021\/06\/mrak-zebra2-sm-600x393.jpg 600w, https:\/\/atraxiafilm.rs\/wp-content\/uploads\/2021\/06\/mrak-zebra2-sm-300x197.jpg 300w, https:\/\/atraxiafilm.rs\/wp-content\/uploads\/2021\/06\/mrak-zebra2-sm-1024x671.jpg 1024w, https:\/\/atraxiafilm.rs\/wp-content\/uploads\/2021\/06\/mrak-zebra2-sm-768x503.jpg 768w\" sizes=\"auto, (max-width: 1200px) 100vw, 1200px\" \/>\n\t\t\t\t\t\t\t\t\t\t\t\t\t\t\t<\/a>\n\t\t\t\t\t\t\t\t\t\t\t\t<\/div>\n\t\t\t\t\t\t\t\t\t\t\t<div class=\"wd-gallery-item wd-col\">\n\t\t\t\t\t\t\t\t\t\t\t\t\t\t<a href=\"https:\/\/atraxiafilm.rs\/wp-content\/uploads\/2021\/06\/0J4A4193dor-sm.jpg\" data-elementor-open-lightbox=\"no\" data-index=\"14\" data-width=\"1200\" data-height=\"800\" \n\t\t\t\t\t\t\t\t\t\t\t\t\t\t\t\t\t\t\t\t>\n\t\t\t\t\t\t\t\t\n\t\t\t\t\t\t\t\t<img loading=\"lazy\" decoding=\"async\" width=\"1200\" height=\"800\" src=\"https:\/\/atraxiafilm.rs\/wp-content\/uploads\/2021\/06\/0J4A4193dor-sm-1200x800.jpg\" class=\"wd-gallery-image image-14\" alt=\"\" srcset=\"https:\/\/atraxiafilm.rs\/wp-content\/uploads\/2021\/06\/0J4A4193dor-sm.jpg 1200w, https:\/\/atraxiafilm.rs\/wp-content\/uploads\/2021\/06\/0J4A4193dor-sm-150x100.jpg 150w, https:\/\/atraxiafilm.rs\/wp-content\/uploads\/2021\/06\/0J4A4193dor-sm-600x400.jpg 600w, https:\/\/atraxiafilm.rs\/wp-content\/uploads\/2021\/06\/0J4A4193dor-sm-300x200.jpg 300w, https:\/\/atraxiafilm.rs\/wp-content\/uploads\/2021\/06\/0J4A4193dor-sm-1024x683.jpg 1024w, https:\/\/atraxiafilm.rs\/wp-content\/uploads\/2021\/06\/0J4A4193dor-sm-768x512.jpg 768w\" sizes=\"auto, (max-width: 1200px) 100vw, 1200px\" \/>\n\t\t\t\t\t\t\t\t\t\t\t\t\t\t\t<\/a>\n\t\t\t\t\t\t\t\t\t\t\t\t<\/div>\n\t\t\t\t\t\t\t\t\t\t\t<div class=\"wd-gallery-item wd-col\">\n\t\t\t\t\t\t\t\t\t\t\t\t\t\t<a href=\"https:\/\/atraxiafilm.rs\/wp-content\/uploads\/2021\/06\/0J4A4622-sm-1.jpg\" data-elementor-open-lightbox=\"no\" data-index=\"15\" data-width=\"1200\" data-height=\"674\" \n\t\t\t\t\t\t\t\t\t\t\t\t\t\t\t\t\t\t\t\t>\n\t\t\t\t\t\t\t\t\n\t\t\t\t\t\t\t\t<img loading=\"lazy\" decoding=\"async\" width=\"1200\" height=\"674\" src=\"https:\/\/atraxiafilm.rs\/wp-content\/uploads\/2021\/06\/0J4A4622-sm-1.jpg\" class=\"wd-gallery-image image-15\" alt=\"\" srcset=\"https:\/\/atraxiafilm.rs\/wp-content\/uploads\/2021\/06\/0J4A4622-sm-1.jpg 1200w, https:\/\/atraxiafilm.rs\/wp-content\/uploads\/2021\/06\/0J4A4622-sm-1-150x84.jpg 150w, https:\/\/atraxiafilm.rs\/wp-content\/uploads\/2021\/06\/0J4A4622-sm-1-600x337.jpg 600w, https:\/\/atraxiafilm.rs\/wp-content\/uploads\/2021\/06\/0J4A4622-sm-1-300x169.jpg 300w, https:\/\/atraxiafilm.rs\/wp-content\/uploads\/2021\/06\/0J4A4622-sm-1-1024x575.jpg 1024w, https:\/\/atraxiafilm.rs\/wp-content\/uploads\/2021\/06\/0J4A4622-sm-1-768x431.jpg 768w\" sizes=\"auto, (max-width: 1200px) 100vw, 1200px\" \/>\n\t\t\t\t\t\t\t\t\t\t\t\t\t\t\t<\/a>\n\t\t\t\t\t\t\t\t\t\t\t\t<\/div>\n\t\t\t\t\t\t\t\t\t\t\t<div class=\"wd-gallery-item wd-col\">\n\t\t\t\t\t\t\t\t\t\t\t\t\t\t<a href=\"https:\/\/atraxiafilm.rs\/wp-content\/uploads\/2021\/06\/0J4A6870-sm.jpg\" data-elementor-open-lightbox=\"no\" data-index=\"16\" data-width=\"1200\" data-height=\"731\" \n\t\t\t\t\t\t\t\t\t\t\t\t\t\t\t\t\t\t\t\t>\n\t\t\t\t\t\t\t\t\n\t\t\t\t\t\t\t\t<img loading=\"lazy\" decoding=\"async\" width=\"1200\" height=\"731\" src=\"https:\/\/atraxiafilm.rs\/wp-content\/uploads\/2021\/06\/0J4A6870-sm.jpg\" class=\"wd-gallery-image image-16\" alt=\"\" srcset=\"https:\/\/atraxiafilm.rs\/wp-content\/uploads\/2021\/06\/0J4A6870-sm.jpg 1200w, https:\/\/atraxiafilm.rs\/wp-content\/uploads\/2021\/06\/0J4A6870-sm-150x91.jpg 150w, https:\/\/atraxiafilm.rs\/wp-content\/uploads\/2021\/06\/0J4A6870-sm-600x366.jpg 600w, https:\/\/atraxiafilm.rs\/wp-content\/uploads\/2021\/06\/0J4A6870-sm-300x183.jpg 300w, https:\/\/atraxiafilm.rs\/wp-content\/uploads\/2021\/06\/0J4A6870-sm-1024x624.jpg 1024w, https:\/\/atraxiafilm.rs\/wp-content\/uploads\/2021\/06\/0J4A6870-sm-768x468.jpg 768w\" sizes=\"auto, (max-width: 1200px) 100vw, 1200px\" \/>\n\t\t\t\t\t\t\t\t\t\t\t\t\t\t\t<\/a>\n\t\t\t\t\t\t\t\t\t\t\t\t<\/div>\n\t\t\t\t\t\t\t\t\t\t\t<div class=\"wd-gallery-item wd-col\">\n\t\t\t\t\t\t\t\t\t\t\t\t\t\t<a href=\"https:\/\/atraxiafilm.rs\/wp-content\/uploads\/2021\/06\/DSC04296-sm.jpg\" data-elementor-open-lightbox=\"no\" data-index=\"17\" data-width=\"1200\" data-height=\"693\" \n\t\t\t\t\t\t\t\t\t\t\t\t\t\t\t\t\t\t\t\t>\n\t\t\t\t\t\t\t\t\n\t\t\t\t\t\t\t\t<img loading=\"lazy\" decoding=\"async\" width=\"1200\" height=\"693\" src=\"https:\/\/atraxiafilm.rs\/wp-content\/uploads\/2021\/06\/DSC04296-sm.jpg\" class=\"wd-gallery-image image-17\" alt=\"\" srcset=\"https:\/\/atraxiafilm.rs\/wp-content\/uploads\/2021\/06\/DSC04296-sm.jpg 1200w, https:\/\/atraxiafilm.rs\/wp-content\/uploads\/2021\/06\/DSC04296-sm-150x87.jpg 150w, https:\/\/atraxiafilm.rs\/wp-content\/uploads\/2021\/06\/DSC04296-sm-600x347.jpg 600w, https:\/\/atraxiafilm.rs\/wp-content\/uploads\/2021\/06\/DSC04296-sm-300x173.jpg 300w, https:\/\/atraxiafilm.rs\/wp-content\/uploads\/2021\/06\/DSC04296-sm-1024x591.jpg 1024w, https:\/\/atraxiafilm.rs\/wp-content\/uploads\/2021\/06\/DSC04296-sm-768x444.jpg 768w\" sizes=\"auto, (max-width: 1200px) 100vw, 1200px\" \/>\n\t\t\t\t\t\t\t\t\t\t\t\t\t\t\t<\/a>\n\t\t\t\t\t\t\t\t\t\t\t\t<\/div>\n\t\t\t\t\t\t\t\t\t\n\t\t\t\t\t\t\t<\/div>\n\n\t\t\t\t\t<\/div>\n\t\t<\/div><\/div><\/div><\/div><div class=\"vc_row-full-width vc_clearfix\"><\/div><div data-vc-full-width=\"true\" data-vc-full-width-temp=\"true\" data-vc-full-width-init=\"false\" data-vc-stretch-content=\"true\" class=\"vc_row wpb_row vc_row-fluid vc_row-no-padding vc_row-o-equal-height vc_row-flex\"><div class=\"wpb_column vc_column_container vc_col-sm-12 vc_col-lg-12 vc_col-md-12 text-center wd-rs-6359200ec9cf8\"><div class=\"vc_column-inner vc_custom_1666785312563\"><div class=\"wpb_wrapper\"><div class=\"vc_empty_space\"   style=\"height: 32px\"><span class=\"vc_empty_space_inner\"><\/span><\/div>\n\t<div class=\"wpb_text_column wpb_content_element\" >\n\t\t<div class=\"wpb_wrapper\">\n\t\t\t<p><em>Sve na\u0161e reklame mo\u017eete pogledati na na\u0161im dru\u0161tvenim mre\u017eama kao i na na\u0161em <a href=\"https:\/\/www.youtube.com\/channel\/UCBOKXb1-ic2tokAXtm5sNpw\"><strong>YouTube channel<\/strong><\/a>.<\/em><\/p>\n\n\t\t<\/div>\n\t<\/div>\n\n\t<div class=\"wpb_text_column wpb_content_element\" >\n\t\t<div class=\"wpb_wrapper\">\n\t\t\t<p><em>Na\u0161a <a href=\"https:\/\/maps.app.goo.gl\/atVnDSFkvbCA5qhX7\"><strong>lokacija<\/strong><\/a> se nalazi u samom centru Novog Sada.<br \/>\n<\/em><\/p>\n\n\t\t<\/div>\n\t<\/div>\n<div class=\"vc_empty_space\"   style=\"height: 32px\"><span class=\"vc_empty_space_inner\"><\/span><\/div><\/div><\/div><\/div><\/div><div class=\"vc_row-full-width vc_clearfix\"><\/div>\n<\/div>","protected":false},"excerpt":{"rendered":"Galerija slika sa snimanja Galerija slika sa snimanja, kompletna video produkcija i sve ono \u0161to se de\u0161ava iza kamere tokom","protected":false},"author":22,"featured_media":0,"parent":0,"menu_order":0,"comment_status":"closed","ping_status":"closed","template":"","meta":{"footnotes":""},"class_list":["post-128979","page","type-page","status-publish","hentry"],"yoast_head":"<!-- This site is optimized with the Yoast SEO plugin v27.4 - https:\/\/yoast.com\/product\/yoast-seo-wordpress\/ -->\n<title>Studio - Galerija - Video Produkcija Atraxia Film<\/title>\n<meta name=\"description\" content=\"Galerija slika sa snimanja i behind the scenes frejmovi u studiju i na terenu. Video produkcija i sve ono sto se desava iza kamere\" \/>\n<meta name=\"robots\" content=\"index, follow, max-snippet:-1, max-image-preview:large, max-video-preview:-1\" \/>\n<link rel=\"canonical\" href=\"https:\/\/atraxiafilm.rs\/en\/galerija-slika-sa-snimanja\/\" \/>\n<meta property=\"og:locale\" content=\"en_US\" \/>\n<meta property=\"og:type\" content=\"article\" \/>\n<meta property=\"og:title\" content=\"Studio - Galerija - Video Produkcija Atraxia Film\" \/>\n<meta property=\"og:description\" content=\"Galerija slika sa snimanja i behind the scenes frejmovi u studiju i na terenu. Video produkcija i sve ono sto se desava iza kamere\" \/>\n<meta property=\"og:url\" content=\"https:\/\/atraxiafilm.rs\/en\/galerija-slika-sa-snimanja\/\" \/>\n<meta property=\"og:site_name\" content=\"Video Produkcija Atraxia Film\" \/>\n<meta property=\"article:publisher\" content=\"https:\/\/www.facebook.com\/videoprodukcijaatraxiafilm\" \/>\n<meta property=\"article:modified_time\" content=\"2026-03-08T20:50:21+00:00\" \/>\n<meta name=\"twitter:card\" content=\"summary_large_image\" \/>\n<meta name=\"twitter:label1\" content=\"Est. reading time\" \/>\n\t<meta name=\"twitter:data1\" content=\"1 minute\" \/>\n<script type=\"application\/ld+json\" class=\"yoast-schema-graph\">{\"@context\":\"https:\\\/\\\/schema.org\",\"@graph\":[{\"@type\":\"WebPage\",\"@id\":\"https:\\\/\\\/atraxiafilm.rs\\\/galerija-slika-sa-snimanja\\\/\",\"url\":\"https:\\\/\\\/atraxiafilm.rs\\\/galerija-slika-sa-snimanja\\\/\",\"name\":\"Studio - Galerija - Video Produkcija Atraxia Film\",\"isPartOf\":{\"@id\":\"https:\\\/\\\/atraxiafilm.rs\\\/#website\"},\"datePublished\":\"2021-12-26T13:41:33+00:00\",\"dateModified\":\"2026-03-08T20:50:21+00:00\",\"description\":\"Galerija slika sa snimanja i behind the scenes frejmovi u studiju i na terenu. Video produkcija i sve ono sto se desava iza kamere\",\"breadcrumb\":{\"@id\":\"https:\\\/\\\/atraxiafilm.rs\\\/galerija-slika-sa-snimanja\\\/#breadcrumb\"},\"inLanguage\":\"en-US\",\"potentialAction\":[{\"@type\":\"ReadAction\",\"target\":[\"https:\\\/\\\/atraxiafilm.rs\\\/galerija-slika-sa-snimanja\\\/\"]}]},{\"@type\":\"BreadcrumbList\",\"@id\":\"https:\\\/\\\/atraxiafilm.rs\\\/galerija-slika-sa-snimanja\\\/#breadcrumb\",\"itemListElement\":[{\"@type\":\"ListItem\",\"position\":1,\"name\":\"Po\u010detna\",\"item\":\"https:\\\/\\\/atraxiafilm.rs\\\/\"},{\"@type\":\"ListItem\",\"position\":2,\"name\":\"Studio &#8211; Galerija\"}]},{\"@type\":\"WebSite\",\"@id\":\"https:\\\/\\\/atraxiafilm.rs\\\/#website\",\"url\":\"https:\\\/\\\/atraxiafilm.rs\\\/\",\"name\":\"Video Produkcija Atraxia Film\",\"description\":\"Snimanje video reklama , korporativnih videa, promo spotova i dogadjaja\",\"potentialAction\":[{\"@type\":\"SearchAction\",\"target\":{\"@type\":\"EntryPoint\",\"urlTemplate\":\"https:\\\/\\\/atraxiafilm.rs\\\/?s={search_term_string}\"},\"query-input\":{\"@type\":\"PropertyValueSpecification\",\"valueRequired\":true,\"valueName\":\"search_term_string\"}}],\"inLanguage\":\"en-US\"}]}<\/script>\n<!-- \/ Yoast SEO plugin. -->","yoast_head_json":{"title":"Studio - Galerija - Video Produkcija Atraxia Film","description":"Galerija slika sa snimanja i behind the scenes frejmovi u studiju i na terenu. Video produkcija i sve ono sto se desava iza kamere","robots":{"index":"index","follow":"follow","max-snippet":"max-snippet:-1","max-image-preview":"max-image-preview:large","max-video-preview":"max-video-preview:-1"},"canonical":"https:\/\/atraxiafilm.rs\/en\/galerija-slika-sa-snimanja\/","og_locale":"en_US","og_type":"article","og_title":"Studio - Galerija - Video Produkcija Atraxia Film","og_description":"Galerija slika sa snimanja i behind the scenes frejmovi u studiju i na terenu. Video produkcija i sve ono sto se desava iza kamere","og_url":"https:\/\/atraxiafilm.rs\/en\/galerija-slika-sa-snimanja\/","og_site_name":"Video Produkcija Atraxia Film","article_publisher":"https:\/\/www.facebook.com\/videoprodukcijaatraxiafilm","article_modified_time":"2026-03-08T20:50:21+00:00","twitter_card":"summary_large_image","twitter_misc":{"Est. reading time":"1 minute"},"schema":{"@context":"https:\/\/schema.org","@graph":[{"@type":"WebPage","@id":"https:\/\/atraxiafilm.rs\/galerija-slika-sa-snimanja\/","url":"https:\/\/atraxiafilm.rs\/galerija-slika-sa-snimanja\/","name":"Studio - Galerija - Video Produkcija Atraxia Film","isPartOf":{"@id":"https:\/\/atraxiafilm.rs\/#website"},"datePublished":"2021-12-26T13:41:33+00:00","dateModified":"2026-03-08T20:50:21+00:00","description":"Galerija slika sa snimanja i behind the scenes frejmovi u studiju i na terenu. Video produkcija i sve ono sto se desava iza kamere","breadcrumb":{"@id":"https:\/\/atraxiafilm.rs\/galerija-slika-sa-snimanja\/#breadcrumb"},"inLanguage":"en-US","potentialAction":[{"@type":"ReadAction","target":["https:\/\/atraxiafilm.rs\/galerija-slika-sa-snimanja\/"]}]},{"@type":"BreadcrumbList","@id":"https:\/\/atraxiafilm.rs\/galerija-slika-sa-snimanja\/#breadcrumb","itemListElement":[{"@type":"ListItem","position":1,"name":"Po\u010detna","item":"https:\/\/atraxiafilm.rs\/"},{"@type":"ListItem","position":2,"name":"Studio &#8211; Galerija"}]},{"@type":"WebSite","@id":"https:\/\/atraxiafilm.rs\/#website","url":"https:\/\/atraxiafilm.rs\/","name":"Video Produkcija Atraxia Film","description":"Snimanje video reklama , korporativnih videa, promo spotova i dogadjaja","potentialAction":[{"@type":"SearchAction","target":{"@type":"EntryPoint","urlTemplate":"https:\/\/atraxiafilm.rs\/?s={search_term_string}"},"query-input":{"@type":"PropertyValueSpecification","valueRequired":true,"valueName":"search_term_string"}}],"inLanguage":"en-US"}]}},"_links":{"self":[{"href":"https:\/\/atraxiafilm.rs\/en\/wp-json\/wp\/v2\/pages\/128979","targetHints":{"allow":["GET"]}}],"collection":[{"href":"https:\/\/atraxiafilm.rs\/en\/wp-json\/wp\/v2\/pages"}],"about":[{"href":"https:\/\/atraxiafilm.rs\/en\/wp-json\/wp\/v2\/types\/page"}],"author":[{"embeddable":true,"href":"https:\/\/atraxiafilm.rs\/en\/wp-json\/wp\/v2\/users\/22"}],"replies":[{"embeddable":true,"href":"https:\/\/atraxiafilm.rs\/en\/wp-json\/wp\/v2\/comments?post=128979"}],"version-history":[{"count":2,"href":"https:\/\/atraxiafilm.rs\/en\/wp-json\/wp\/v2\/pages\/128979\/revisions"}],"predecessor-version":[{"id":131432,"href":"https:\/\/atraxiafilm.rs\/en\/wp-json\/wp\/v2\/pages\/128979\/revisions\/131432"}],"wp:attachment":[{"href":"https:\/\/atraxiafilm.rs\/en\/wp-json\/wp\/v2\/media?parent=128979"}],"curies":[{"name":"wp","href":"https:\/\/api.w.org\/{rel}","templated":true}]}}